{"id":22570,"date":"2025-06-17T06:28:32","date_gmt":"2025-06-17T10:28:32","guid":{"rendered":"https:\/\/elitehairstudio.com\/?post_type=product&amp;p=22570"},"modified":"2025-06-17T06:28:32","modified_gmt":"2025-06-17T10:28:32","slug":"premiere-concentre-decalcifiant-ultra-reparateur-repairing-treatment","status":"publish","type":"product","link":"https:\/\/elitehairstudio.com\/index.php\/product\/premiere-concentre-decalcifiant-ultra-reparateur-repairing-treatment\/","title":{"rendered":"PREMI\u00c8RE CONCENTR\u00c9 D\u00c9CALCIFIANT ULTRA-R\u00c9PARATEUR REPAIRING TREATMENT"},"content":{"rendered":"<p>Repairing treatment for all types of damaged hair.<\/p>\n","protected":false},"excerpt":{"rendered":"<p>Premi\u00e8re visibly reverses hair damage. This innovative dual-action repair for damaged hair leaves hair <span class=\"h-font-tertiary\">99% stronger* and healthier<\/span>.<\/p>\n<p>Premi\u00e8re Repairing Treatment repairs bonds &amp; removes calcium build-up for stronger hair inside and out**. It repairs persistent damage, reversing stiffness and dullness caused by calcium buildup from your shower water for <span class=\"h-font-tertiary\">75% more shine***<\/span> and <span class=\"h-font-tertiary\">93% less breakage****<\/span><\/p>\n","protected":false},"featured_media":22563,"template":"","meta":[],"product_brand":[],"product_cat":[23,113],"product_tag":[230],"class_list":{"0":"post-22570","1":"product","2":"type-product","3":"status-publish","4":"has-post-thumbnail","6":"product_cat-hair-care","7":"product_cat-kerastase","8":"product_tag-pre-shampoo","10":"first","11":"instock","12":"taxable","13":"shipping-taxable","14":"purchasable","15":"product-type-simple"},"_links":{"self":[{"href":"https:\/\/elitehairstudio.com\/index.php\/wp-json\/wp\/v2\/product\/22570","targetHints":{"allow":["GET"]}}],"collection":[{"href":"https:\/\/elitehairstudio.com\/index.php\/wp-json\/wp\/v2\/product"}],"about":[{"href":"https:\/\/elitehairstudio.com\/index.php\/wp-json\/wp\/v2\/types\/product"}],"wp:featuredmedia":[{"embeddable":true,"href":"https:\/\/elitehairstudio.com\/index.php\/wp-json\/wp\/v2\/media\/22563"}],"wp:attachment":[{"href":"https:\/\/elitehairstudio.com\/index.php\/wp-json\/wp\/v2\/media?parent=22570"}],"wp:term":[{"taxonomy":"product_brand","embeddable":true,"href":"https:\/\/elitehairstudio.com\/index.php\/wp-json\/wp\/v2\/product_brand?post=22570"},{"taxonomy":"product_cat","embeddable":true,"href":"https:\/\/elitehairstudio.com\/index.php\/wp-json\/wp\/v2\/product_cat?post=22570"},{"taxonomy":"product_tag","embeddable":true,"href":"https:\/\/elitehairstudio.com\/index.php\/wp-json\/wp\/v2\/product_tag?post=22570"}],"curies":[{"name":"wp","href":"https:\/\/api.w.org\/{rel}","templated":true}]}}