{"id":22529,"date":"2025-06-17T05:42:07","date_gmt":"2025-06-17T09:42:07","guid":{"rendered":"https:\/\/elitehairstudio.com\/?post_type=product&amp;p=22529"},"modified":"2025-06-17T05:42:07","modified_gmt":"2025-06-17T09:42:07","slug":"chronologiste-thermique-regenerant-heat-protecting-cream","status":"publish","type":"product","link":"https:\/\/elitehairstudio.com\/index.php\/product\/chronologiste-thermique-regenerant-heat-protecting-cream\/","title":{"rendered":"CHRONOLOGISTE THERMIQUE R\u00c9G\u00c9N\u00c9RANT HEAT PROTECTING CREAM"},"content":{"rendered":"<p>Essential revitalizing blow-dry care for lengths and ends.<\/p>\n","protected":false},"excerpt":{"rendered":"<p>Refining and smoothing leave-in. Hair texture is refined. Cuticles are smoothed. Protects against heat up to 450\u00b0F.* 24h frizz-control in 80% humidity.*<\/p>\n","protected":false},"featured_media":22530,"template":"","meta":[],"product_brand":[],"product_cat":[23,113],"product_tag":[141],"class_list":{"0":"post-22529","1":"product","2":"type-product","3":"status-publish","4":"has-post-thumbnail","6":"product_cat-hair-care","7":"product_cat-kerastase","8":"product_tag-primer","10":"first","11":"instock","12":"taxable","13":"shipping-taxable","14":"purchasable","15":"product-type-simple"},"_links":{"self":[{"href":"https:\/\/elitehairstudio.com\/index.php\/wp-json\/wp\/v2\/product\/22529","targetHints":{"allow":["GET"]}}],"collection":[{"href":"https:\/\/elitehairstudio.com\/index.php\/wp-json\/wp\/v2\/product"}],"about":[{"href":"https:\/\/elitehairstudio.com\/index.php\/wp-json\/wp\/v2\/types\/product"}],"wp:featuredmedia":[{"embeddable":true,"href":"https:\/\/elitehairstudio.com\/index.php\/wp-json\/wp\/v2\/media\/22530"}],"wp:attachment":[{"href":"https:\/\/elitehairstudio.com\/index.php\/wp-json\/wp\/v2\/media?parent=22529"}],"wp:term":[{"taxonomy":"product_brand","embeddable":true,"href":"https:\/\/elitehairstudio.com\/index.php\/wp-json\/wp\/v2\/product_brand?post=22529"},{"taxonomy":"product_cat","embeddable":true,"href":"https:\/\/elitehairstudio.com\/index.php\/wp-json\/wp\/v2\/product_cat?post=22529"},{"taxonomy":"product_tag","embeddable":true,"href":"https:\/\/elitehairstudio.com\/index.php\/wp-json\/wp\/v2\/product_tag?post=22529"}],"curies":[{"name":"wp","href":"https:\/\/api.w.org\/{rel}","templated":true}]}}