{"id":22526,"date":"2025-06-17T05:40:02","date_gmt":"2025-06-17T09:40:02","guid":{"rendered":"https:\/\/elitehairstudio.com\/?post_type=product&amp;p=22526"},"modified":"2025-06-17T05:40:02","modified_gmt":"2025-06-17T09:40:02","slug":"chronologiste-bain-regenerant-shampoo","status":"publish","type":"product","link":"https:\/\/elitehairstudio.com\/index.php\/product\/chronologiste-bain-regenerant-shampoo\/","title":{"rendered":"CHRONOLOGISTE BAIN R\u00c9G\u00c9N\u00c9RANT SHAMPOO"},"content":{"rendered":"<p>Essential revitalizing shampoo for hair and scalp<\/p>\n","protected":false},"excerpt":{"rendered":"<p>Revitalizes signs of aging hair and scalp. Gently removes impurities from scalp and hair fiber. Reveals stronger hair.* Nourishes and moisturizes hair.<\/p>\n","protected":false},"featured_media":22527,"template":"","meta":[],"product_brand":[],"product_cat":[23,113],"product_tag":[137],"class_list":{"0":"post-22526","1":"product","2":"type-product","3":"status-publish","4":"has-post-thumbnail","6":"product_cat-hair-care","7":"product_cat-kerastase","8":"product_tag-shampoo","10":"first","11":"instock","12":"taxable","13":"shipping-taxable","14":"purchasable","15":"product-type-simple"},"_links":{"self":[{"href":"https:\/\/elitehairstudio.com\/index.php\/wp-json\/wp\/v2\/product\/22526","targetHints":{"allow":["GET"]}}],"collection":[{"href":"https:\/\/elitehairstudio.com\/index.php\/wp-json\/wp\/v2\/product"}],"about":[{"href":"https:\/\/elitehairstudio.com\/index.php\/wp-json\/wp\/v2\/types\/product"}],"wp:featuredmedia":[{"embeddable":true,"href":"https:\/\/elitehairstudio.com\/index.php\/wp-json\/wp\/v2\/media\/22527"}],"wp:attachment":[{"href":"https:\/\/elitehairstudio.com\/index.php\/wp-json\/wp\/v2\/media?parent=22526"}],"wp:term":[{"taxonomy":"product_brand","embeddable":true,"href":"https:\/\/elitehairstudio.com\/index.php\/wp-json\/wp\/v2\/product_brand?post=22526"},{"taxonomy":"product_cat","embeddable":true,"href":"https:\/\/elitehairstudio.com\/index.php\/wp-json\/wp\/v2\/product_cat?post=22526"},{"taxonomy":"product_tag","embeddable":true,"href":"https:\/\/elitehairstudio.com\/index.php\/wp-json\/wp\/v2\/product_tag?post=22526"}],"curies":[{"name":"wp","href":"https:\/\/api.w.org\/{rel}","templated":true}]}}