{"id":22523,"date":"2025-06-17T05:37:19","date_gmt":"2025-06-17T09:37:19","guid":{"rendered":"https:\/\/elitehairstudio.com\/?post_type=product&amp;p=22523"},"modified":"2025-06-17T05:37:19","modified_gmt":"2025-06-17T09:37:19","slug":"chronologiste-masque-intense-regenerant-hair-mask","status":"publish","type":"product","link":"https:\/\/elitehairstudio.com\/index.php\/product\/chronologiste-masque-intense-regenerant-hair-mask\/","title":{"rendered":"CHRONOLOGISTE MASQUE INTENSE R\u00c9G\u00c9N\u00c9RANT HAIR MASK"},"content":{"rendered":"<blockquote><p>Essential revitalizing hair mask for lengths and ends.<\/p><\/blockquote>\n","protected":false},"excerpt":{"rendered":"<p>Revitalizing and nourishing hair mask. Instantly transforms with durable moisture*, softness, and shine.* Imparts beautiful shine.<\/p>\n","protected":false},"featured_media":22524,"template":"","meta":[],"product_brand":[],"product_cat":[113],"product_tag":[127],"class_list":{"0":"post-22523","1":"product","2":"type-product","3":"status-publish","4":"has-post-thumbnail","6":"product_cat-kerastase","7":"product_tag-mask","9":"first","10":"instock","11":"taxable","12":"shipping-taxable","13":"purchasable","14":"product-type-simple"},"_links":{"self":[{"href":"https:\/\/elitehairstudio.com\/index.php\/wp-json\/wp\/v2\/product\/22523","targetHints":{"allow":["GET"]}}],"collection":[{"href":"https:\/\/elitehairstudio.com\/index.php\/wp-json\/wp\/v2\/product"}],"about":[{"href":"https:\/\/elitehairstudio.com\/index.php\/wp-json\/wp\/v2\/types\/product"}],"wp:featuredmedia":[{"embeddable":true,"href":"https:\/\/elitehairstudio.com\/index.php\/wp-json\/wp\/v2\/media\/22524"}],"wp:attachment":[{"href":"https:\/\/elitehairstudio.com\/index.php\/wp-json\/wp\/v2\/media?parent=22523"}],"wp:term":[{"taxonomy":"product_brand","embeddable":true,"href":"https:\/\/elitehairstudio.com\/index.php\/wp-json\/wp\/v2\/product_brand?post=22523"},{"taxonomy":"product_cat","embeddable":true,"href":"https:\/\/elitehairstudio.com\/index.php\/wp-json\/wp\/v2\/product_cat?post=22523"},{"taxonomy":"product_tag","embeddable":true,"href":"https:\/\/elitehairstudio.com\/index.php\/wp-json\/wp\/v2\/product_tag?post=22523"}],"curies":[{"name":"wp","href":"https:\/\/api.w.org\/{rel}","templated":true}]}}