{"id":19401,"date":"2020-05-12T17:14:38","date_gmt":"2020-05-12T21:14:38","guid":{"rendered":"https:\/\/elitehairstudio.com\/?post_type=product&amp;p=19401"},"modified":"2020-05-12T17:14:38","modified_gmt":"2020-05-12T21:14:38","slug":"biologique-recherche-serum-amniotique","status":"publish","type":"product","link":"https:\/\/elitehairstudio.com\/index.php\/product\/biologique-recherche-serum-amniotique\/","title":{"rendered":"Amniotique Serum Authentique &#8211; Biologique Recherche"},"content":{"rendered":"<p>1 fl.oz<\/p>\n<p>Exclusively available for in-store purchase. Please contact us directly for \u00a0pricing and availability.<\/p>\n","protected":false},"excerpt":{"rendered":"<p>For dry skin, ages 30-40s. Excellent for hydration.<\/p>\n<p>Amniotique serum is an incomparable source of moisture which helps maintain the skin\u2019s water level at the maximum. Its hydro-fixing active ingredients help the cells capture water and store it in the upper layers of the skin, which neutralizes the effects of skin dryness for a long-lasting action. The skin\u2019s water balance is optimal, ensuring unparalleled comfort. Best when used with Biologique Recherche Serum Elastine Pure and Cr\u00e8me Emulsion V\u00e9g\u00e9tale Grand Mill\u00e9sime or Cr\u00e8me Amnios, Creme Grand Mill\u00e9sime. Finish with Serum Grand Mill\u00e9sime.<br \/>\nThis anti-aging serum repairs, regenerates, and protects the skin with intense hydration.<\/p>\n<p>An SOS for sensitive skin, Serum Amniotique E will smooth the skin, stimulate cell renewal, and reveal an even complexion.<\/p>\n","protected":false},"featured_media":19402,"template":"","meta":[],"product_brand":[],"product_cat":[108],"product_tag":[],"class_list":{"0":"post-19401","1":"product","2":"type-product","3":"status-publish","4":"has-post-thumbnail","6":"product_cat-biologique-recherche-at-elite","8":"first","9":"outofstock","10":"taxable","11":"shipping-taxable","12":"product-type-simple"},"_links":{"self":[{"href":"https:\/\/elitehairstudio.com\/index.php\/wp-json\/wp\/v2\/product\/19401","targetHints":{"allow":["GET"]}}],"collection":[{"href":"https:\/\/elitehairstudio.com\/index.php\/wp-json\/wp\/v2\/product"}],"about":[{"href":"https:\/\/elitehairstudio.com\/index.php\/wp-json\/wp\/v2\/types\/product"}],"wp:featuredmedia":[{"embeddable":true,"href":"https:\/\/elitehairstudio.com\/index.php\/wp-json\/wp\/v2\/media\/19402"}],"wp:attachment":[{"href":"https:\/\/elitehairstudio.com\/index.php\/wp-json\/wp\/v2\/media?parent=19401"}],"wp:term":[{"taxonomy":"product_brand","embeddable":true,"href":"https:\/\/elitehairstudio.com\/index.php\/wp-json\/wp\/v2\/product_brand?post=19401"},{"taxonomy":"product_cat","embeddable":true,"href":"https:\/\/elitehairstudio.com\/index.php\/wp-json\/wp\/v2\/product_cat?post=19401"},{"taxonomy":"product_tag","embeddable":true,"href":"https:\/\/elitehairstudio.com\/index.php\/wp-json\/wp\/v2\/product_tag?post=19401"}],"curies":[{"name":"wp","href":"https:\/\/api.w.org\/{rel}","templated":true}]}}